{"id":12533,"date":"2024-01-04T10:55:15","date_gmt":"2024-01-04T09:55:15","guid":{"rendered":"https:\/\/parisreliabletransfers.com\/?page_id=12533"},"modified":"2024-01-06T14:43:07","modified_gmt":"2024-01-06T13:43:07","slug":"a-propos-de-nous","status":"publish","type":"page","link":"https:\/\/parisreliabletransfers.com\/fr\/a-propos-de-nous\/","title":{"rendered":"\u00c0 propos de nous"},"content":{"rendered":"<div class=\"wpb-content-wrapper\"><p>[vc_row][vc_column][vc_row_inner el_class=\u00a0\u00bbcontainer\u00a0\u00bb css=\u00a0\u00bb.vc_custom_1704390978045{padding-top: 50px !important;padding-bottom: 50px !important;}\u00a0\u00bb][vc_column_inner width=\u00a0\u00bb1\/2&Prime;][vc_single_image image=\u00a0\u00bb12143&Prime; img_size=\u00a0\u00bbfull\u00a0\u00bb][\/vc_column_inner][vc_column_inner width=\u00a0\u00bb1\/2&Prime;][vc_column_text]<\/p>\n<h2>UN PEU PLUS SUR<br \/>\nPARIS RELIABLE TRANSFERS &#8230;<\/h2>\n<p>Paris Reliable Transfers Services se d\u00e9marque des autres. Nous offrons un m\u00e9lange luxueux de confort, de s\u00e9curit\u00e9 et de sophistication, dans le but de fournir le meilleur service \u00e0 chaque occasion, garantissant que votre voyage soit une exp\u00e9rience d\u00e9licieuse.<\/p>\n<p>Forte de plusieurs ann\u00e9es d&rsquo;expertise dans le secteur, notre soci\u00e9t\u00e9 de transport bas\u00e9e \u00e0 Paris excelle dans la fourniture du service de chauffeur le plus fiable. Nous nous engageons \u00e0 offrir des solutions de transport s\u00e9curis\u00e9es et fiables de premi\u00e8re classe aux entreprises et aux particuliers \u00e0 la recherche de voyages priv\u00e9s de luxe. Notre engagement r\u00e9side dans la fourniture d&rsquo;un service professionnel, fiable, discret et aimable, adapt\u00e9 \u00e0 tous vos besoins.<\/p>\n<p>Notre \u00e9quipe hautement qualifi\u00e9e se consacre \u00e0 assurer votre arriv\u00e9e et votre retour en toute s\u00e9curit\u00e9 \u00e0 votre destination. Avec des ann\u00e9es d&rsquo;exp\u00e9rience pratique et de formation au service client, votre confort reste notre priorit\u00e9 absolue. Nos chauffeurs s\u00e9lectionnent les itin\u00e9raires les plus efficaces pour vous amener rapidement \u00e0 destination sans compromettre la s\u00e9curit\u00e9. Du moment o\u00f9 vous r\u00e9servez avec nous jusqu&rsquo;au moment o\u00f9 vous arrivez \u00e0 votre dernier arr\u00eat, soyez assur\u00e9 que vous \u00eates entre de bonnes mains comp\u00e9tentes et s\u00fbres.<\/p>\n<p>Choisissez-nous pour un service complet et un voyage agr\u00e9able, non seulement fluide mais aussi fiable.[\/vc_column_text][\/vc_column_inner][\/vc_row_inner][\/vc_column][\/vc_row][vc_row el_class=\u00a0\u00bbcar-section\u00a0\u00bb css=\u00a0\u00bb.vc_custom_1704372002160{padding-top: 20px !important;padding-bottom: 50px !important;}\u00a0\u00bb][vc_column][vc_row_inner el_class=\u00a0\u00bbcontainer\u00a0\u00bb][vc_column_inner][vc_column_text]<\/p>\n<h1 style=\"text-align: center;\">\u00a0Galerie de v\u00e9hicules<\/h1>\n<p style=\"text-align: center;\">V\u00e9hicules &amp; chauffeurs professionnels<\/p>\n<p>[\/vc_column_text][vc_separator color=\u00a0\u00bbcustom\u00a0\u00bb border_width=\u00a0\u00bb3&Prime; el_width=\u00a0\u00bb20&Prime; accent_color=\u00a0\u00bb#ac8d61&Prime; css=\u00a0\u00bb.vc_custom_1704371580286{margin-top: -15px !important;}\u00a0\u00bb][vc_empty_space height=\u00a0\u00bb20px\u00a0\u00bb][\/vc_column_inner][\/vc_row_inner][vc_row_inner][vc_column_inner][vc_media_grid grid_id=\u00a0\u00bbvc_gid:1704548550977-c13a7fa8-9ee3-0&Prime; include=\u00a0\u00bb12556,12559,12562,12565,12568,12571,12574,12577,12580,12583,12614,12564,12561,12567,12570&Prime;][\/vc_column_inner][\/vc_row_inner][\/vc_column][\/vc_row][vc_row el_class=\u00a0\u00bbcar-section\u00a0\u00bb css=\u00a0\u00bb.vc_custom_1704372002160{padding-top: 20px !important;padding-bottom: 50px !important;}\u00a0\u00bb][vc_column][vc_row_inner el_class=\u00a0\u00bbcontainer\u00a0\u00bb][vc_column_inner][vc_column_text]<\/p>\n<h1 style=\"text-align: center;\">V\u00e9hicules de luxe<\/h1>\n<p style=\"text-align: center;\">V\u00e9hicules &amp; chauffeurs professionnels<\/p>\n<p>[\/vc_column_text][vc_separator color=\u00a0\u00bbcustom\u00a0\u00bb border_width=\u00a0\u00bb3&Prime; el_width=\u00a0\u00bb20&Prime; accent_color=\u00a0\u00bb#ac8d61&Prime; css=\u00a0\u00bb.vc_custom_1704371580286{margin-top: -15px !important;}\u00a0\u00bb][vc_empty_space height=\u00a0\u00bb20px\u00a0\u00bb][\/vc_column_inner][\/vc_row_inner][vc_row_inner el_class=\u00a0\u00bbcontainer img-cars-home\u00a0\u00bb][vc_column_inner]\r\n        <style>\r\n        \t.unique-carousel-22 .owl-next, .unique-carousel-22 .owl-prev{\r\n        \t\tbackground:   !important;\r\n        \t\tcolor:  !important;\r\n        \t}\r\n\r\n        \t.unique-carousel-22.owl-theme .owl-dots .owl-dot.active span, .unique-carousel-22.owl-theme .owl-dots .owl-dot:hover span{\r\n        \t\tbackground:  !important;\r\n        \t}\r\n\r\n        \t.owl-next, .owl-prev{\r\n        \t\ttop: 40%;\r\n        \t}\r\n        <\/style>\r\n        <div class=\"wdo-carosuel-container unique-carousel-22 owl-carousel owl-theme\">\r\n        \t\t\t\t\r\n\t\t<div class=\"item\">\r\n\t\t\t[vc_single_image image=\u00a0\u00bb12263&Prime; img_size=\u00a0\u00bbfull\u00a0\u00bb alignment=\u00a0\u00bbcenter\u00a0\u00bb][vc_column_text]<\/p>\n<p style=\"text-align: center;\"><strong>Economy Taxi<\/strong><br \/>\njusqu&rsquo;\u00e0 3 passagers<\/p>\n<p>[\/vc_column_text]\t\t<\/div>\r\n\r\n\t\t\t\t\t\r\n\t\t<div class=\"item\">\r\n\t\t\t[vc_single_image image=\u00a0\u00bb12262&Prime; img_size=\u00a0\u00bbfull\u00a0\u00bb alignment=\u00a0\u00bbcenter\u00a0\u00bb][vc_column_text]<\/p>\n<p style=\"text-align: center;\"><strong>Standard Class<\/strong><br \/>\njusqu&rsquo;\u00e0 3 passagers<\/p>\n<p>[\/vc_column_text]\t\t<\/div>\r\n\r\n\t\t\t\t\t\r\n\t\t<div class=\"item\">\r\n\t\t\t[vc_single_image image=\u00a0\u00bb12261&Prime; img_size=\u00a0\u00bbfull\u00a0\u00bb alignment=\u00a0\u00bbcenter\u00a0\u00bb][vc_column_text]<\/p>\n<p style=\"text-align: center;\"><strong>First class<\/strong><br \/>\njusqu&rsquo;\u00e0 2 passagers<\/p>\n<p>[\/vc_column_text]\t\t<\/div>\r\n\r\n\t\t\t\t\t\r\n\t\t<div class=\"item\">\r\n\t\t\t[vc_single_image image=\u00a0\u00bb12259&Prime; img_size=\u00a0\u00bbfull\u00a0\u00bb alignment=\u00a0\u00bbcenter\u00a0\u00bb][vc_column_text]<\/p>\n<p style=\"text-align: center;\"><strong>Van standard<\/strong><br \/>\njusqu&rsquo;\u00e0 6 passagers<\/p>\n<p>[\/vc_column_text]\t\t<\/div>\r\n\r\n\t\t\t\t\t\r\n\t\t<div class=\"item\">\r\n\t\t\t[vc_single_image image=\u00a0\u00bb12258&Prime; img_size=\u00a0\u00bbfull\u00a0\u00bb alignment=\u00a0\u00bbcenter\u00a0\u00bb][vc_column_text]<\/p>\n<p style=\"text-align: center;\"><strong>Van First Class <\/strong><br \/>\njusqu&rsquo;\u00e0 6 passagers<\/p>\n<p>[\/vc_column_text]\t\t<\/div>\r\n\r\n\t\t        <\/div>\r\n        <script type=\"text\/javascript\">\r\n        \tjQuery(document).ready(function ($) {\r\n        \t\t$('.unique-carousel-22').owlCarousel({\r\n        \t\t    margin:10,\r\n        \t\t    touchDrag:true,\r\n        \t\t    mouseDrag:true,\r\n        \t\t    animateIn: \"no-animation\",\r\n        \t\t    animateOut: \"no-animation\",\r\n        \t\t    video:true,\r\n        \t\t    videoWidth:true,\r\n        \t\t    videoHeight:300,\r\n        \t\t    loop:true,\r\n        \t\t    slideBy:1,\r\n        \t\t    autoplay:true, \r\n        \t\t    nav:true,\r\n        \t\t    dots:true,\r\n        \t\t    navText:[\"<div class='nav-btn prev-slide'><\/div>\",\"<div class='nav-btn next-slide'><\/div>\"],\r\n        \t\t    responsive:{\r\n        \t\t        0:{\r\n        \t\t            items:2        \t\t        },\r\n        \t\t        600:{\r\n        \t\t            items:3        \t\t        },\r\n        \t\t        1000:{\r\n        \t\t            items:5        \t\t        }\r\n        \t\t    }\r\n        \t\t});\r\n        \t});\r\n        <\/script>\r\n\r\n        [\/vc_column_inner][\/vc_row_inner][\/vc_column][\/vc_row]<\/p>\n<\/div>","protected":false},"excerpt":{"rendered":"<p>[vc_row][vc_column][vc_row_inner el_class=\u00a0\u00bbcontainer\u00a0\u00bb css=\u00a0\u00bb.vc_custom_1704390978045{padding-top: 50px !important;padding-bottom: 50px !important;}\u00a0\u00bb][vc_column_inner width=\u00a0\u00bb1\/2&Prime;][vc_single_image image=\u00a0\u00bb12143&Prime; img_size=\u00a0\u00bbfull\u00a0\u00bb][\/vc_column_inner][vc_column_inner width=\u00a0\u00bb1\/2&Prime;][vc_column_text] UN PEU PLUS SUR PARIS RELIABLE TRANSFERS &#8230; Paris Reliable Transfers Services se d\u00e9marque des autres. Nous offrons un m\u00e9lange luxueux de confort, de s\u00e9curit\u00e9 et de sophistication, dans le but de fournir le meilleur service \u00e0 chaque occasion, garantissant que votre voyage soit [&hellip;]<\/p>\n","protected":false},"author":2,"featured_media":12353,"parent":0,"menu_order":22,"comment_status":"closed","ping_status":"closed","template":"","meta":{"_joinchat":[],"footnotes":""},"class_list":["post-12533","page","type-page","status-publish","has-post-thumbnail","hentry"],"_links":{"self":[{"href":"https:\/\/parisreliabletransfers.com\/fr\/wp-json\/wp\/v2\/pages\/12533","targetHints":{"allow":["GET"]}}],"collection":[{"href":"https:\/\/parisreliabletransfers.com\/fr\/wp-json\/wp\/v2\/pages"}],"about":[{"href":"https:\/\/parisreliabletransfers.com\/fr\/wp-json\/wp\/v2\/types\/page"}],"author":[{"embeddable":true,"href":"https:\/\/parisreliabletransfers.com\/fr\/wp-json\/wp\/v2\/users\/2"}],"replies":[{"embeddable":true,"href":"https:\/\/parisreliabletransfers.com\/fr\/wp-json\/wp\/v2\/comments?post=12533"}],"version-history":[{"count":6,"href":"https:\/\/parisreliabletransfers.com\/fr\/wp-json\/wp\/v2\/pages\/12533\/revisions"}],"predecessor-version":[{"id":12661,"href":"https:\/\/parisreliabletransfers.com\/fr\/wp-json\/wp\/v2\/pages\/12533\/revisions\/12661"}],"wp:featuredmedia":[{"embeddable":true,"href":"https:\/\/parisreliabletransfers.com\/fr\/wp-json\/wp\/v2\/media\/12353"}],"wp:attachment":[{"href":"https:\/\/parisreliabletransfers.com\/fr\/wp-json\/wp\/v2\/media?parent=12533"}],"curies":[{"name":"wp","href":"https:\/\/api.w.org\/{rel}","templated":true}]}}