{"id":12803,"date":"2024-01-06T13:58:09","date_gmt":"2024-01-06T12:58:09","guid":{"rendered":"https:\/\/parisreliabletransfers.com\/?page_id=12803"},"modified":"2024-01-06T14:04:35","modified_gmt":"2024-01-06T13:04:35","slug":"mention-legale","status":"publish","type":"page","link":"https:\/\/parisreliabletransfers.com\/fr\/mention-legale\/","title":{"rendered":"Mention l\u00e9gale"},"content":{"rendered":"<div class=\"wpb-content-wrapper\"><p>[vc_row][vc_column][vc_row_inner][vc_column_inner width=\u00a0\u00bb1\/2&Prime;][vc_column_text]<\/p>\n<h3>Informations g\u00e9n\u00e9rales<\/h3>\n<p>Nom : Paris Reliable Transfers<br \/>\nForme juridique : Chauffeur pro paris<br \/>\nSi\u00e8ge social : 16 rue Roger vaillant sainte Genevi\u00e8ve des bois, France[\/vc_column_text][\/vc_column_inner][vc_column_inner width=\u00a0\u00bb1\/2&Prime;][vc_column_text]<\/p>\n<h3>Agence de cr\u00e9ation de site internet<\/h3>\n<p>Ce site a \u00e9t\u00e9 cr\u00e9\u00e9 par : <a href=\"https:\/\/kimarotec.net\/\" target=\"_blank\" rel=\"noopener noreferrer\"> KIMAROTEC.NET <\/a><br \/>\nCe site est maintenu par\u00a0: <a href=\"https:\/\/kimarotec.net\/\" target=\"_ blank\" rel=\"noopener noreferrer\"> KIMAROTEC.NET\u00a0 <\/a><br \/>\nE-mail : hello@kimarotec.net[\/vc_column_text][\/vc_column_inner][\/vc_row_inner][vc_row_inner][vc_column_inner][vc_column_text]<strong> Propri\u00e9t\u00e9 intellectuelle <\/strong><\/p>\n<p>Ce site est une \u0153uvre prot\u00e9g\u00e9e par le droit d&rsquo;auteur en vigueur en France. Par ailleurs, sauf mention contraire, les droits de propri\u00e9t\u00e9 intellectuelle sur les documents contenus dans le site (textes, photographies, images etc.) et chacun des \u00e9l\u00e9ments publi\u00e9s sur le site www.parisreliabletransfers.com sont la propri\u00e9t\u00e9 exclusive de <strong> KIMAROTEC <\/strong>. L&rsquo;utilisation ou la reproduction de tous \u00e9l\u00e9ments publi\u00e9s sur le site\u00a0<strong> www.parisreliabletransfers.com <\/strong> est express\u00e9ment interdite (article 122.4 du code de la propri\u00e9t\u00e9 intellectuelle).<br \/>\n<strong> Utilisations de Google Analytics <\/strong><\/p>\n<p>Ce site utilise Google Analytics, un service d&rsquo;analyse Web fourni par Google Inc. (\u00ab Google \u00bb). Google Analytics utilise des cookies, qui sont des fichiers texte plac\u00e9s sur votre ordinateur, pour aider le site Internet \u00e0 analyser l&rsquo;utilisation du site par ses utilisateurs.<br \/>\n<strong> Limitation de responsabilit\u00e9 <\/strong><\/p>\n<p>Vous utilisez ce site sous votre seule et enti\u00e8re responsabilit\u00e9. KimaroTec ne pourra \u00eatre tenu responsable des dommages directs ou indirects, tels que notamment dommages mat\u00e9riels, perte de donn\u00e9es ou de programmes, perte financi\u00e8re, cons\u00e9cutifs \u00e0 l&rsquo;utilisation de ce site ou des sites qui lui sont li\u00e9s.<br \/>\n<strong> Mise \u00e0 jour <\/strong><\/p>\n<p>www.parisreliabletransfers.com se r\u00e9serve le droit de modifier et de mettre \u00e0 jour, sans pr\u00e9avis, les pr\u00e9sentes mentions l\u00e9gales et tous les \u00e9l\u00e9ments, produits pr\u00e9sent\u00e9s sur le site. L&rsquo;ensemble de ces modifications s&rsquo;imposent aux utilisateurs qui doivent consulter ces mentions l\u00e9gales \u00e0 chaque connexion.[\/vc_column_text][\/vc_column_inner][\/vc_row_inner][\/vc_column][\/vc_row]<\/p>\n<\/div>","protected":false},"excerpt":{"rendered":"<p>[vc_row][vc_column][vc_row_inner][vc_column_inner width=\u00a0\u00bb1\/2&Prime;][vc_column_text] Informations g\u00e9n\u00e9rales Nom : Paris Reliable Transfers Forme juridique : Chauffeur pro paris Si\u00e8ge social : 16 rue Roger vaillant sainte Genevi\u00e8ve des bois, France[\/vc_column_text][\/vc_column_inner][vc_column_inner width=\u00a0\u00bb1\/2&Prime;][vc_column_text] Agence de cr\u00e9ation de site internet Ce site a \u00e9t\u00e9 cr\u00e9\u00e9 par : KIMAROTEC.NET Ce site est maintenu par\u00a0: KIMAROTEC.NET\u00a0 E-mail : hello@kimarotec.net[\/vc_column_text][\/vc_column_inner][\/vc_row_inner][vc_row_inner][vc_column_inner][vc_column_text] Propri\u00e9t\u00e9 intellectuelle Ce site [&hellip;]<\/p>\n","protected":false},"author":2,"featured_media":0,"parent":0,"menu_order":5,"comment_status":"closed","ping_status":"closed","template":"","meta":{"_joinchat":[],"footnotes":""},"class_list":["post-12803","page","type-page","status-publish","hentry"],"_links":{"self":[{"href":"https:\/\/parisreliabletransfers.com\/fr\/wp-json\/wp\/v2\/pages\/12803","targetHints":{"allow":["GET"]}}],"collection":[{"href":"https:\/\/parisreliabletransfers.com\/fr\/wp-json\/wp\/v2\/pages"}],"about":[{"href":"https:\/\/parisreliabletransfers.com\/fr\/wp-json\/wp\/v2\/types\/page"}],"author":[{"embeddable":true,"href":"https:\/\/parisreliabletransfers.com\/fr\/wp-json\/wp\/v2\/users\/2"}],"replies":[{"embeddable":true,"href":"https:\/\/parisreliabletransfers.com\/fr\/wp-json\/wp\/v2\/comments?post=12803"}],"version-history":[{"count":5,"href":"https:\/\/parisreliabletransfers.com\/fr\/wp-json\/wp\/v2\/pages\/12803\/revisions"}],"predecessor-version":[{"id":12837,"href":"https:\/\/parisreliabletransfers.com\/fr\/wp-json\/wp\/v2\/pages\/12803\/revisions\/12837"}],"wp:attachment":[{"href":"https:\/\/parisreliabletransfers.com\/fr\/wp-json\/wp\/v2\/media?parent=12803"}],"curies":[{"name":"wp","href":"https:\/\/api.w.org\/{rel}","templated":true}]}}